
	{"id":11044,"date":"2025-01-01T13:37:05","date_gmt":"2025-01-01T18:37:05","guid":{"rendered":"https:\/\/www.taicep.org\/taiceporgwp\/award-programs\/hall-of-acclaim\/inductees\/2024-inductees\/michel-bedard\/"},"modified":"2025-01-07T12:52:45","modified_gmt":"2025-01-07T17:52:45","slug":"michel-bedard","status":"publish","type":"page","link":"https:\/\/www.taicep.org\/taiceporgwp\/award-programs\/hall-of-acclaim\/inductees\/2024-inductees\/michel-bedard\/","title":{"rendered":"Michel Bedard"},"content":{"rendered":"<p><img loading=\"lazy\" decoding=\"async\" class=\"alignnone size-medium wp-image-11147\" src=\"https:\/\/www.taicep.org\/taiceporgwp\/wp-content\/uploads\/2025\/01\/Michel-Bedard-300x300.png\" alt=\"\" width=\"300\" height=\"300\" srcset=\"https:\/\/www.taicep.org\/taiceporgwp\/wp-content\/uploads\/2025\/01\/Michel-Bedard-150x150@2x.png 300w, https:\/\/www.taicep.org\/taiceporgwp\/wp-content\/uploads\/2025\/01\/Michel-Bedard-150x150.png 150w, https:\/\/www.taicep.org\/taiceporgwp\/wp-content\/uploads\/2025\/01\/Michel-Bedard.png 500w\" sizes=\"auto, (max-width: 300px) 100vw, 300px\" \/><\/p>\n<ul>\n<li class=\"post-content\">Credential Evaluator for almost 30 years for the second oldest evaluation service worldwide.<\/li>\n<li class=\"post-content\">Specialized in French-speaking African countries\u2019 educational systems, private higher education recognition mechanisms, methodology, and authentication.<\/li>\n<li class=\"post-content\">Tireless researcher and information finder.<\/li>\n<li class=\"post-content\">Knowledge-sharing enthusiast: presenter, trainer, and mentor.<\/li>\n<li class=\"post-content\">Charter Member of TAICEP<\/li>\n<li class=\"post-content\">Passionate user of archive.org<\/li>\n<li class=\"post-content\">Operator and instructor of the old (once new) VSC-4C Video Spectral Comparator.<\/li>\n<li class=\"post-content\">Believer in the importance of networking in the field of credential assessment.<\/li>\n<\/ul>\n<div class=\"post-content\"><strong>EDUCATION:<\/strong><\/div>\n<ul>\n<li class=\"post-content\">1986 M.Sc. in Economics of Natural Resources Universit\u00e9 de Montr\u00e9al, QC, Canada<\/li>\n<li class=\"post-content\">1983 B.SC. in Economics, Universit\u00e9 de Montr\u00e9al, QC, Canada<\/li>\n<\/ul>\n<div class=\"post-content\"><strong>EMPLOYMENT:<\/strong><\/div>\n<ul>\n<li class=\"post-content\">1995 \u2013 present International Education Analyst \/ Minist\u00e8re de l\u2019Immigration, de la Francisation et de l\u2019Int\u00e9gration, Montr\u00e9al, QC, Canada.\n<ul>\n<li class=\"post-content\">Producing evaluation reports, completing the Ministry\u2019s diploma and institution database, conducting research and contacting foreign educational authorities. Assessing authenticity of educational documents. Updating the written methodology and ensuring uniform application thereof, animating case reviews and other committees, presenting all aspects of the work to internal and external partners, training junior and senior analysts, testifying in court at trials. Answering queries from international credentials partners inside and outside of Qu\u00e9bec (schools, colleges and universities, professional boards and other credential services), presenting at international conferences, publishing articles. Institutional memory and currently<br \/>\ntransferring expertise for retirement.<\/li>\n<\/ul>\n<\/li>\n<li class=\"post-content\">1989-1995 Immigration Officer \/ Minist\u00e8re de l\u2019Immigration, de la Francisation et de l\u2019Int\u00e9gration, Montr\u00e9al, QC, Canada,\n<ul>\n<li class=\"post-content\">Appling the regulations when interviewing prospective immigrants to accept or refuse their application. Advise those accepted on the continuation of their procedure and to prepare their arrival in the Province of Quebec. Providing advice to those refused on ways to better prepare for a new immigration application. Posted in Nicosia, Cyprus from 1989 to 1991, and in Paris, France, from 1991 to 1995.<\/li>\n<\/ul>\n<\/li>\n<li class=\"post-content\">1985 \u2013 1989 Economist \/ Minist\u00e8re des Ressources naturelles et Minist\u00e8re des Affaires internationales\n<ul>\n<li class=\"post-content\">International trade analyst.<\/li>\n<\/ul>\n<\/li>\n<\/ul>\n<p><strong>PROFESSIONAL ACTIVITIES:<\/strong><\/p>\n<ul>\n<li>Presentation on credential assessment to the Universit\u00e9 du Qu\u00e9bec network registrars\u2019 offices, L\u00e9vis, QC, Canada, 2019<\/li>\n<li>\u00ab Evaluation Resources: Before the Internet, There Were\u2026Books! \u00bb, TAICEP Annual Conference, Philadelphia, PA, USA, 2018<\/li>\n<li>\u00ab An Update on Bologna in Africa \u00bb, TAICEP Annual Conference, Philadelphia, PA, 2018 Co-writer of \u00ab Demystifying Institution and Program Recognition in French-Speaking Africa\u00bb, TAICEP Annual Conference, Rome, Italia 2017<\/li>\n<li>Day Workshop on French Speaking Africa (methodology, recognition, authentication), Universit\u00e9 de Moncton et Coll\u00e8ge communautaire du Nouveau Brunswick, Moncton, NB, Canada, 2013<\/li>\n<li>Presentation on authentication at the National Workshop of Credentials Evaluators of the Canadian Information Center for International Credentials, Moncton, NB, Canada, 2011<\/li>\n<li>Day workshop on credential authentication for the Universit\u00e9 du Qu\u00e9bec network of registrars\u2019 offices, Qu\u00e9bec, QC, Canada, 2010<\/li>\n<li>Presentation on credential assessment to Human Resources Dept. of Ville de Montr\u00e9al, QC, Canada, 2010<\/li>\n<li>Presentation on credential authentication for C\u00e9gep international and Service r\u00e9gional d&amp;#39;admission du Montr\u00e9al m\u00e9tropolitain, Montr\u00e9al, QC, Canada, 2009<\/li>\n<li>Presentation on credential assessment at the Intercultural Meetings Week of Ville de Laval, QC, Canada, 2009<\/li>\n<li>Presentation on methodology at the Conseil interprofessionnel du Qu\u00e9bec, Montr\u00e9al, QC, Canada, 2009<\/li>\n<li>Co-writer of \u00ab ATYPICAL CREDENTIALS Detecting Fraudulent Educational Documents \u00bb, NAFSA Annual Conference, Washington, DC, USA, 2008<\/li>\n<li>\u00ab Atypical Credentials \u00bb, AACRAO Annual Meeting, Boston, 2007 Presentation on methodology at the National Workshop of Credentials Evaluators of the Canadian Information Center for International Credentials, Edmonton, Alta, Canada, 2007<\/li>\n<li>Presentation on credential assessment to the Coll\u00e8ge d\u2019enseignement g\u00e9n\u00e9ral et professionnel (CEGEP) de Maisonneuve\u2019s Educational Advisors, Montreal, QC, Canada, 2007<\/li>\n<li>Presentation on credential assessment at conference of the Minist\u00e8re de l\u2019\u00c9ducation, des Loisirs et des Sports on recognition of prior learning, Qu\u00e9bec, QC, Canada, 2007<\/li>\n<li>Attendee at NAFSA Annual Conference, Montr\u00e9al QC, Canada, 2006<\/li>\n<li>Presentation on credential assessment at the Conseil interprofessionnel du Qu\u00e9bec, Montr\u00e9al, QC, Canada, 2005<\/li>\n<li>Presentation on credential assessment at the Conference of the CEGEPS\u2019S association professionnelle des aides p\u00e9dagogiques individuels, Longueuil, QC, Canada, 2005<\/li>\n<li>Presentation on methodology, Annual Meeting of the Alliance of Credential Evaluation Services of Canada, Toronto, Ont, Canada, 2005<\/li>\n<li>\u00ab Afghanistan and Iraq: Document Control \u00bb, AACRAO Annual Meeting, Las Vegas, NV, USA, 2004<\/li>\n<li>Presentation on credential assessment at the Registrar Office of the \u00c9cole des Hautes \u00c9tudes Commerciales, Montr\u00e9al, QC, Canada, 2003<\/li>\n<li>\u00ab Document Authentication \u00bb, Prior Learning Assessment and Recognition Annual Conference, Halifax, NS, Canada, 2001<\/li>\n<li>\u00ab Forgeries and Erroneous Documents \u00bb, Council of Ontario Universities Conference London, Ont, Canada, 2000<\/li>\n<li>\u00ab Les rouages de la d\u00e9tection des faux documents \u00bb, National Conference \u00ab Shaping the Future: Qualifications recognition in the 21st Century \u00bb Toronto, Ont, Canada, 1999<\/li>\n<li>Conference \u00ab True or False: Authentic Forgeries and Erroneous International Documents \u00bb, AACRAO Annual Meeting, Charlotte, NC, USA, 1999<\/li>\n<li>Presentation on Algeria, Morocco and Tunisia, AACRAO Annual Meeting, Charlotte, NC, USA, 1999<\/li>\n<li>Attendee at ACCRAO Annual Conference, Chicago, IL, USA, 1998<\/li>\n<li>Attendee at the Association of Registrars of the Universities and Colleges of Canada (ARUCC) Biannual Conference. Sherbrooke, QC, Canada, 1998<\/li>\n<li>Attendee at ECE\u2019s Seminar on Eastern Europe &amp;amp; the Former USSR, Elyria, OH, USA 1997<\/li>\n<li>100+ workshops on methodology, document authentication, and educational systems of French Speaking African countries for the staff of the Ministry, from 1996 to present.<\/li>\n<\/ul>\n<p><strong>PUBLICATIONS:<\/strong><\/p>\n<ul>\n<li>Demystifying Institution and Program Recognition in French Speaking Africa: Introduction, B\u00e9nin, R\u00e9publique d\u00e9mocratique du Congo, TAICEP Talk Newsletter, January 2018<\/li>\n<li>Private Higher Education in French-Speaking Africa: Accreditation by the CAMES, TAICEP Talk Newsletter, June 2016,<\/li>\n<li>Guides de comparaison des \u00e9tudes avec le syst\u00e8me \u00e9ducatif du Qu\u00e9bec, Minist\u00e8re de l\u2019Immigration et des Communaut\u00e9s culturelles, Montr\u00e9al, QC, Canada :\n<ul>\n<li>Maroc (2004),<\/li>\n<li>Rwanda (2005)<\/li>\n<\/ul>\n<\/li>\n<li>A Guide to Educational Systems Around the World, Shelley M. Feagles, NAFSA, Washington DC, 1999, Country Outlines of: Algeria, Central African Republic, Democratic Republic of Congo, Mali and Morocco.<\/li>\n<\/ul>\n<p><strong>PRESENTATIONS:<\/strong><\/p>\n<ul>\n<li><a href=\"https:\/\/www.taicep.org\/taiceporgwp\/wp-content\/uploads\/2025\/01\/Atypical_Credentials_AACRAO_2007-1.pdf\">Atypical_Credentials_AACRAO_2007 (1)<\/a><\/li>\n<li><a href=\"https:\/\/www.taicep.org\/taiceporgwp\/wp-content\/uploads\/2025\/01\/Moncton-2013-authenticite-des-documents-1.pptx\">Moncton 2013 authenticit\u00e9 des documents (1)<\/a><\/li>\n<li><a href=\"https:\/\/www.taicep.org\/taiceporgwp\/wp-content\/uploads\/2025\/01\/Moncton-2013-recherches-1.pptx\">Moncton 2013 recherches (1)<\/a><\/li>\n<li><a href=\"https:\/\/www.taicep.org\/taiceporgwp\/wp-content\/uploads\/2025\/01\/Moncton-2013-Systemes-educatifs-1.pptx\">Moncton 2013 Syst\u00e8mes \u00e9ducatifs (1)<\/a><\/li>\n<li><a href=\"https:\/\/www.taicep.org\/taiceporgwp\/wp-content\/uploads\/2025\/01\/Moncton-2013-reconnaissance-1.pptx\">Moncton 2013 reconnaissance (1)<\/a><\/li>\n<\/ul>\n<div class=\"post-content\">\n<p><strong>COLLABORATIONS:<\/strong><\/p>\n<ul>\n<li>Online Course: Assessment 101, Canadian Information Centre for International Credentials, 2014<\/li>\n<li>Pan-Canadian Quality Assurance Framework for the Assessment of International Academic Credentials (QAF), Canadian Information Centre for International Credentials, 2012<\/li>\n<li>National Workshop of Credential Evaluators, Canadian Information Centre for International Credentials, Edmonton, Alta 2007, (see Pan-Canadian Quality Standards in International<br \/>\nCredential Evaluation, 2009)<\/li>\n<li>General Guiding Principles for Good Practice in the Assessment of Foreign Credentials, Canadian Information Centre for International Credentials, 2008<\/li>\n<li>Various projects and meetings with the Alliance of Credential Evaluation Services of Canada(ACECS)<\/li>\n<\/ul>\n<\/div>\n<p><strong>PHOTOS:<\/strong><\/p>\n<div id=\"attachment_11068\" style=\"width: 310px\" class=\"wp-caption alignnone\"><img loading=\"lazy\" decoding=\"async\" aria-describedby=\"caption-attachment-11068\" class=\"wp-image-11068 size-medium\" src=\"https:\/\/www.taicep.org\/taiceporgwp\/wp-content\/uploads\/2025\/01\/8.-ACESC-2014-300x200.jpg\" alt=\"\" width=\"300\" height=\"200\" srcset=\"https:\/\/www.taicep.org\/taiceporgwp\/wp-content\/uploads\/2025\/01\/8.-ACESC-2014-300x200.jpg 300w, https:\/\/www.taicep.org\/taiceporgwp\/wp-content\/uploads\/2025\/01\/8.-ACESC-2014-225x150.jpg 225w, https:\/\/www.taicep.org\/taiceporgwp\/wp-content\/uploads\/2025\/01\/8.-ACESC-2014.jpg 799w, https:\/\/www.taicep.org\/taiceporgwp\/wp-content\/uploads\/2025\/01\/8.-ACESC-2014-300x200@2x.jpg 600w, https:\/\/www.taicep.org\/taiceporgwp\/wp-content\/uploads\/2025\/01\/8.-ACESC-2014-225x150@2x.jpg 450w\" sizes=\"auto, (max-width: 300px) 100vw, 300px\" \/><p id=\"caption-attachment-11068\" class=\"wp-caption-text\">ACESC 2014 (ROGER HUR (C))<\/p><\/div>\n<div id=\"attachment_11069\" style=\"width: 210px\" class=\"wp-caption alignnone\"><img loading=\"lazy\" decoding=\"async\" aria-describedby=\"caption-attachment-11069\" class=\"wp-image-11069 size-medium\" src=\"https:\/\/www.taicep.org\/taiceporgwp\/wp-content\/uploads\/2025\/01\/7.-Meeting-of-the-ACESC-2014-200x300.jpg\" alt=\"\" width=\"200\" height=\"300\" srcset=\"https:\/\/www.taicep.org\/taiceporgwp\/wp-content\/uploads\/2025\/01\/7.-Meeting-of-the-ACESC-2014-100x150@2x.jpg 200w, https:\/\/www.taicep.org\/taiceporgwp\/wp-content\/uploads\/2025\/01\/7.-Meeting-of-the-ACESC-2014-100x150.jpg 100w, https:\/\/www.taicep.org\/taiceporgwp\/wp-content\/uploads\/2025\/01\/7.-Meeting-of-the-ACESC-2014.jpg 266w\" sizes=\"auto, (max-width: 200px) 100vw, 200px\" \/><p id=\"caption-attachment-11069\" class=\"wp-caption-text\">Meeting of the ACESC 2014 (ROGER HUR (C))<\/p><\/div>\n<div id=\"attachment_11070\" style=\"width: 310px\" class=\"wp-caption alignnone\"><img loading=\"lazy\" decoding=\"async\" aria-describedby=\"caption-attachment-11070\" class=\"wp-image-11070 size-medium\" src=\"https:\/\/www.taicep.org\/taiceporgwp\/wp-content\/uploads\/2025\/01\/4.-TAICEP-Conference-in-Philadelphia-2018-300x200.png\" alt=\"\" width=\"300\" height=\"200\" srcset=\"https:\/\/www.taicep.org\/taiceporgwp\/wp-content\/uploads\/2025\/01\/4.-TAICEP-Conference-in-Philadelphia-2018-300x200.png 300w, https:\/\/www.taicep.org\/taiceporgwp\/wp-content\/uploads\/2025\/01\/4.-TAICEP-Conference-in-Philadelphia-2018-1024x682.png 1024w, https:\/\/www.taicep.org\/taiceporgwp\/wp-content\/uploads\/2025\/01\/4.-TAICEP-Conference-in-Philadelphia-2018-225x150.png 225w, https:\/\/www.taicep.org\/taiceporgwp\/wp-content\/uploads\/2025\/01\/4.-TAICEP-Conference-in-Philadelphia-2018.png 1280w, https:\/\/www.taicep.org\/taiceporgwp\/wp-content\/uploads\/2025\/01\/4.-TAICEP-Conference-in-Philadelphia-2018-300x200@2x.png 600w, https:\/\/www.taicep.org\/taiceporgwp\/wp-content\/uploads\/2025\/01\/4.-TAICEP-Conference-in-Philadelphia-2018-225x150@2x.png 450w\" sizes=\"auto, (max-width: 300px) 100vw, 300px\" \/><p id=\"caption-attachment-11070\" class=\"wp-caption-text\">2018 TAICEP Conference in Philadelphia<\/p><\/div>\n<div id=\"attachment_11071\" style=\"width: 310px\" class=\"wp-caption alignnone\"><img loading=\"lazy\" decoding=\"async\" aria-describedby=\"caption-attachment-11071\" class=\"wp-image-11071 size-medium\" src=\"https:\/\/www.taicep.org\/taiceporgwp\/wp-content\/uploads\/2025\/01\/3.-With-Emily-Tse-and-Nacy-Katz-at-Philadelphia-2018-300x201.png\" alt=\"\" width=\"300\" height=\"201\" srcset=\"https:\/\/www.taicep.org\/taiceporgwp\/wp-content\/uploads\/2025\/01\/3.-With-Emily-Tse-and-Nacy-Katz-at-Philadelphia-2018-300x201.png 300w, https:\/\/www.taicep.org\/taiceporgwp\/wp-content\/uploads\/2025\/01\/3.-With-Emily-Tse-and-Nacy-Katz-at-Philadelphia-2018-224x150.png 224w, https:\/\/www.taicep.org\/taiceporgwp\/wp-content\/uploads\/2025\/01\/3.-With-Emily-Tse-and-Nacy-Katz-at-Philadelphia-2018.png 880w, https:\/\/www.taicep.org\/taiceporgwp\/wp-content\/uploads\/2025\/01\/3.-With-Emily-Tse-and-Nacy-Katz-at-Philadelphia-2018-300x201@2x.png 600w, https:\/\/www.taicep.org\/taiceporgwp\/wp-content\/uploads\/2025\/01\/3.-With-Emily-Tse-and-Nacy-Katz-at-Philadelphia-2018-224x150@2x.png 448w\" sizes=\"auto, (max-width: 300px) 100vw, 300px\" \/><p id=\"caption-attachment-11071\" class=\"wp-caption-text\">With Emily Tse and Nancy Katz at the 2018 TAICEP Conference<\/p><\/div>\n<div id=\"attachment_11148\" style=\"width: 235px\" class=\"wp-caption alignnone\"><img loading=\"lazy\" decoding=\"async\" aria-describedby=\"caption-attachment-11148\" class=\"size-medium wp-image-11148\" src=\"https:\/\/www.taicep.org\/taiceporgwp\/wp-content\/uploads\/2025\/01\/2.-The-famous-Video-Spectral-Comparator-2024-225x300.jpg\" alt=\"\" width=\"225\" height=\"300\" srcset=\"https:\/\/www.taicep.org\/taiceporgwp\/wp-content\/uploads\/2025\/01\/2.-The-famous-Video-Spectral-Comparator-2024-225x300.jpg 225w, https:\/\/www.taicep.org\/taiceporgwp\/wp-content\/uploads\/2025\/01\/2.-The-famous-Video-Spectral-Comparator-2024-768x1024.jpg 768w, https:\/\/www.taicep.org\/taiceporgwp\/wp-content\/uploads\/2025\/01\/2.-The-famous-Video-Spectral-Comparator-2024-113x150.jpg 113w, https:\/\/www.taicep.org\/taiceporgwp\/wp-content\/uploads\/2025\/01\/2.-The-famous-Video-Spectral-Comparator-2024-1152x1536.jpg 1152w, https:\/\/www.taicep.org\/taiceporgwp\/wp-content\/uploads\/2025\/01\/2.-The-famous-Video-Spectral-Comparator-2024.jpg 1536w, https:\/\/www.taicep.org\/taiceporgwp\/wp-content\/uploads\/2025\/01\/2.-The-famous-Video-Spectral-Comparator-2024-225x300@2x.jpg 450w, https:\/\/www.taicep.org\/taiceporgwp\/wp-content\/uploads\/2025\/01\/2.-The-famous-Video-Spectral-Comparator-2024-113x150@2x.jpg 226w\" sizes=\"auto, (max-width: 225px) 100vw, 225px\" \/><p id=\"caption-attachment-11148\" class=\"wp-caption-text\">The famous Video Spectral Comparator 2024<\/p><\/div>\n<div id=\"attachment_11149\" style=\"width: 310px\" class=\"wp-caption alignnone\"><img loading=\"lazy\" decoding=\"async\" aria-describedby=\"caption-attachment-11149\" class=\"wp-image-11149 size-medium\" src=\"https:\/\/www.taicep.org\/taiceporgwp\/wp-content\/uploads\/2025\/01\/5.-At-Banff-with-Daugther-2017-300x169.jpg\" alt=\"\" width=\"300\" height=\"169\" srcset=\"https:\/\/www.taicep.org\/taiceporgwp\/wp-content\/uploads\/2025\/01\/5.-At-Banff-with-Daugther-2017-300x169.jpg 300w, https:\/\/www.taicep.org\/taiceporgwp\/wp-content\/uploads\/2025\/01\/5.-At-Banff-with-Daugther-2017-1024x575.jpg 1024w, https:\/\/www.taicep.org\/taiceporgwp\/wp-content\/uploads\/2025\/01\/5.-At-Banff-with-Daugther-2017-267x150.jpg 267w, https:\/\/www.taicep.org\/taiceporgwp\/wp-content\/uploads\/2025\/01\/5.-At-Banff-with-Daugther-2017-1536x863.jpg 1536w, https:\/\/www.taicep.org\/taiceporgwp\/wp-content\/uploads\/2025\/01\/5.-At-Banff-with-Daugther-2017-2048x1150.jpg 2048w, https:\/\/www.taicep.org\/taiceporgwp\/wp-content\/uploads\/2025\/01\/5.-At-Banff-with-Daugther-2017-300x169@2x.jpg 600w, https:\/\/www.taicep.org\/taiceporgwp\/wp-content\/uploads\/2025\/01\/5.-At-Banff-with-Daugther-2017-267x150@2x.jpg 534w\" sizes=\"auto, (max-width: 300px) 100vw, 300px\" \/><p id=\"caption-attachment-11149\" class=\"wp-caption-text\">At Banff with Daugther 2017<span style=\"font-size: 16px;\">&nbsp;<\/span><\/p><\/div>\n<div id=\"attachment_11151\" style=\"width: 310px\" class=\"wp-caption alignnone\"><img loading=\"lazy\" decoding=\"async\" aria-describedby=\"caption-attachment-11151\" class=\"wp-image-11151 size-medium\" src=\"https:\/\/www.taicep.org\/taiceporgwp\/wp-content\/uploads\/2025\/01\/9.-Immigration-officer-Paris-c.-1993-300x208.jpg\" alt=\"\" width=\"300\" height=\"208\" srcset=\"https:\/\/www.taicep.org\/taiceporgwp\/wp-content\/uploads\/2025\/01\/9.-Immigration-officer-Paris-c.-1993-300x208.jpg 300w, https:\/\/www.taicep.org\/taiceporgwp\/wp-content\/uploads\/2025\/01\/9.-Immigration-officer-Paris-c.-1993-1024x711.jpg 1024w, https:\/\/www.taicep.org\/taiceporgwp\/wp-content\/uploads\/2025\/01\/9.-Immigration-officer-Paris-c.-1993-216x150.jpg 216w, https:\/\/www.taicep.org\/taiceporgwp\/wp-content\/uploads\/2025\/01\/9.-Immigration-officer-Paris-c.-1993-1536x1066.jpg 1536w, https:\/\/www.taicep.org\/taiceporgwp\/wp-content\/uploads\/2025\/01\/9.-Immigration-officer-Paris-c.-1993.jpg 1738w, https:\/\/www.taicep.org\/taiceporgwp\/wp-content\/uploads\/2025\/01\/9.-Immigration-officer-Paris-c.-1993-300x208@2x.jpg 600w, https:\/\/www.taicep.org\/taiceporgwp\/wp-content\/uploads\/2025\/01\/9.-Immigration-officer-Paris-c.-1993-216x150@2x.jpg 432w\" sizes=\"auto, (max-width: 300px) 100vw, 300px\" \/><p id=\"caption-attachment-11151\" class=\"wp-caption-text\">Immigration officer Paris c. 1993<\/p><\/div>\n<div id=\"attachment_11152\" style=\"width: 310px\" class=\"wp-caption alignnone\"><img loading=\"lazy\" decoding=\"async\" aria-describedby=\"caption-attachment-11152\" class=\"wp-image-11152 size-medium\" src=\"https:\/\/www.taicep.org\/taiceporgwp\/wp-content\/uploads\/2025\/01\/10.-Those-were-the-days-c.-1986-300x195.jpg\" alt=\"\" width=\"300\" height=\"195\" srcset=\"https:\/\/www.taicep.org\/taiceporgwp\/wp-content\/uploads\/2025\/01\/10.-Those-were-the-days-c.-1986-300x195.jpg 300w, https:\/\/www.taicep.org\/taiceporgwp\/wp-content\/uploads\/2025\/01\/10.-Those-were-the-days-c.-1986-1024x666.jpg 1024w, https:\/\/www.taicep.org\/taiceporgwp\/wp-content\/uploads\/2025\/01\/10.-Those-were-the-days-c.-1986-231x150.jpg 231w, https:\/\/www.taicep.org\/taiceporgwp\/wp-content\/uploads\/2025\/01\/10.-Those-were-the-days-c.-1986-1536x999.jpg 1536w, https:\/\/www.taicep.org\/taiceporgwp\/wp-content\/uploads\/2025\/01\/10.-Those-were-the-days-c.-1986-2048x1332.jpg 2048w, https:\/\/www.taicep.org\/taiceporgwp\/wp-content\/uploads\/2025\/01\/10.-Those-were-the-days-c.-1986-214x140.jpg 214w, https:\/\/www.taicep.org\/taiceporgwp\/wp-content\/uploads\/2025\/01\/10.-Those-were-the-days-c.-1986-300x195@2x.jpg 600w, https:\/\/www.taicep.org\/taiceporgwp\/wp-content\/uploads\/2025\/01\/10.-Those-were-the-days-c.-1986-231x150@2x.jpg 462w\" sizes=\"auto, (max-width: 300px) 100vw, 300px\" \/><p id=\"caption-attachment-11152\" class=\"wp-caption-text\">Those were the days c. 1986<\/p><\/div>\n<div id=\"attachment_11150\" style=\"width: 210px\" class=\"wp-caption alignnone\"><img loading=\"lazy\" decoding=\"async\" aria-describedby=\"caption-attachment-11150\" class=\"wp-image-11150 size-medium\" src=\"https:\/\/www.taicep.org\/taiceporgwp\/wp-content\/uploads\/2025\/01\/6.-Montreal-2016-200x300.jpg\" alt=\"\" width=\"200\" height=\"300\" srcset=\"https:\/\/www.taicep.org\/taiceporgwp\/wp-content\/uploads\/2025\/01\/6.-Montreal-2016-100x150@2x.jpg 200w, https:\/\/www.taicep.org\/taiceporgwp\/wp-content\/uploads\/2025\/01\/6.-Montreal-2016-683x1024.jpg 683w, https:\/\/www.taicep.org\/taiceporgwp\/wp-content\/uploads\/2025\/01\/6.-Montreal-2016-100x150.jpg 100w, https:\/\/www.taicep.org\/taiceporgwp\/wp-content\/uploads\/2025\/01\/6.-Montreal-2016.jpg 768w, https:\/\/www.taicep.org\/taiceporgwp\/wp-content\/uploads\/2025\/01\/6.-Montreal-2016-200x300@2x.jpg 400w\" sizes=\"auto, (max-width: 200px) 100vw, 200px\" \/><p id=\"caption-attachment-11150\" class=\"wp-caption-text\">Montreal 2016<\/p><\/div>\n<p>&nbsp;<\/p>\n<p>&nbsp;<\/p>\n<p>&nbsp;<\/p>\n<p>&nbsp;<\/p>\n","protected":false},"excerpt":{"rendered":"<p>Credential Evaluator for almost 30 years for the second oldest evaluation service worldwide. Specialized in French-speaking African countries\u2019 educational systems, private higher education recognition mechanisms, methodology, and authentication. Tireless researcher and information finder. Knowledge-sharing enthusiast: presenter, trainer, and mentor. Charter Member of TAICEP Passionate user of archive.org Operator and instructor of the old (once new)<\/p>\n","protected":false},"author":107,"featured_media":0,"parent":11042,"menu_order":0,"comment_status":"closed","ping_status":"closed","template":"","meta":{"_acf_changed":false,"om_disable_all_campaigns":false,"pmpro_default_level":0,"ngg_post_thumbnail":0,"footnotes":"","_links_to":"","_links_to_target":""},"class_list":{"0":"post-11044","1":"page","2":"type-page","3":"status-publish","5":"pmpro-has-access"},"acf":[],"_links":{"self":[{"href":"https:\/\/www.taicep.org\/taiceporgwp\/wp-json\/wp\/v2\/pages\/11044","targetHints":{"allow":["GET"]}}],"collection":[{"href":"https:\/\/www.taicep.org\/taiceporgwp\/wp-json\/wp\/v2\/pages"}],"about":[{"href":"https:\/\/www.taicep.org\/taiceporgwp\/wp-json\/wp\/v2\/types\/page"}],"author":[{"embeddable":true,"href":"https:\/\/www.taicep.org\/taiceporgwp\/wp-json\/wp\/v2\/users\/107"}],"replies":[{"embeddable":true,"href":"https:\/\/www.taicep.org\/taiceporgwp\/wp-json\/wp\/v2\/comments?post=11044"}],"version-history":[{"count":19,"href":"https:\/\/www.taicep.org\/taiceporgwp\/wp-json\/wp\/v2\/pages\/11044\/revisions"}],"predecessor-version":[{"id":11226,"href":"https:\/\/www.taicep.org\/taiceporgwp\/wp-json\/wp\/v2\/pages\/11044\/revisions\/11226"}],"up":[{"embeddable":true,"href":"https:\/\/www.taicep.org\/taiceporgwp\/wp-json\/wp\/v2\/pages\/11042"}],"wp:attachment":[{"href":"https:\/\/www.taicep.org\/taiceporgwp\/wp-json\/wp\/v2\/media?parent=11044"}],"curies":[{"name":"wp","href":"https:\/\/api.w.org\/{rel}","templated":true}]}}