
	{"id":5932,"date":"2019-04-20T17:07:37","date_gmt":"2019-04-20T21:07:37","guid":{"rendered":"https:\/\/www.taicep.org\/taiceporgwp\/?page_id=5932"},"modified":"2026-03-23T17:25:54","modified_gmt":"2026-03-23T21:25:54","slug":"committees-and-task-forces","status":"publish","type":"page","link":"https:\/\/www.taicep.org\/taiceporgwp\/about\/committees-and-task-forces\/","title":{"rendered":"Standing Committees"},"content":{"rendered":"<h1>2026<\/h1>\n<hr>\n<p><strong>Committee for Standards and Quality:&nbsp;<\/strong>Engages in the establishment and maintenance of standards for professional practice. Identifies leading trends in and advances knowledge of credential evaluation practice and develops research standards, frameworks, and processes. Evaluates organizational output to ensure quality.<\/p>\n<div>\n<ul style=\"list-style-type: disc;\">\n<li><strong>Chair:<\/strong> David Mihalyi, AACRAO<\/li>\n<li><strong>Chair-Elect:<\/strong> Severine Kassimou, FIS<\/li>\n<li><span lang=\"EN-US\">Stephanie Cloninger, AACRAO<\/span><\/li>\n<li><span lang=\"EN-US\">Mark Coney, Quality and Qualifications Ireland<\/span><\/li>\n<li><span lang=\"EN-US\">Amanda Shoaf Morrison, Scholaro<\/span><\/li>\n<li><span lang=\"EN-US\">Shizuka Kamata Sydnes, University of Bergen<\/span><\/li>\n<li><span lang=\"EN-US\">Aletha Groene, University of Iowa<\/span><\/li>\n<li><span lang=\"EN-US\">Wendy Garcia Guerrero, IEE<\/span><\/li>\n<li>Sara Ghaffarian, University of Toronto<\/li>\n<\/ul>\n<\/div>\n<p><strong>Committee for Membership Outreach and Engagement:&nbsp;<\/strong>Develops and executes membership growth strategies and member engagement and retention initiatives.<\/p>\n<div>\n<ul style=\"list-style-type: disc;\">\n<li><strong>Chair:<\/strong> Jade Jiang Rieger, ECE<\/li>\n<li><strong>Chair-Elect:<\/strong> Chris Lyons, UK ENIC, Ecctis Ltd<\/li>\n<li>Yujian (Ivy) Wang, Purdue University<\/li>\n<li>Kim Snyders, SAQA<\/li>\n<li>Patrick Leahy, Michigan State University<\/li>\n<li>Kelly Sumner, Marian University<\/li>\n<li>Lindsey Gullicksrud, ECE<\/li>\n<li>Karin Christoph-Brown, One-Earth International Credential Evaluations<\/li>\n<li>Wendy Garcia Guerrero, IEE<\/li>\n<\/ul>\n<\/div>\n<p><strong>Committee for Professional Development:&nbsp;<\/strong>Offers relevant, high-quality professional development programs and services to members, such as but not limited to, trainings, webinars, workshops and conference content planning.<\/p>\n<div>\n<ul style=\"list-style-type: disc;\">\n<li><strong>Chair:<\/strong> Susan Whipple, The Evaluation Company<\/li>\n<li><strong>Chair-Elect:<\/strong> Wendy Garcia Guerrero, IEE<\/li>\n<li>Amy Kawa, ECE<\/li>\n<li>Olivea Dodson, Transcript Research<\/li>\n<li>Adriahna Hann, IEE<\/li>\n<li>Martha Van Devender, ECE<\/li>\n<li>Rebecca Murphy, Northeastern University<\/li>\n<li>Melody Ojeda, IERF<\/li>\n<li>Annetta Stroud, AACRAO<\/li>\n<li>Jennifer Collins, Georgia Tech<\/li>\n<li>Caelynn Grossman, Rutgers University<\/li>\n<li>Jason Martisek, University of Tennessee Knoxville<\/li>\n<li>Nevena Nikolic, The Evaluation Company<\/li>\n<\/ul>\n<\/div>\n<p><strong>Certificate Subcommittee:&nbsp;<\/strong><\/p>\n<div>\n<ul style=\"list-style-type: disc;\">\n<li><strong>Chair:<\/strong> Martha Van Devender, ECE<\/li>\n<li>Rebecca Murphy, Northeastern University<\/li>\n<li>Olivea Dodson, Transcript Research<\/li>\n<\/ul>\n<\/div>\n<p><strong>Committee for Resources and Knowledge Management:<\/strong>&nbsp;Organizes, posts, and maintains, credential evaluation resources as well as develops new resources.<\/p>\n<div>\n<ul style=\"list-style-type: disc;\">\n<li><strong>Chair:<\/strong> Rebecca Murphy, Northeastern University<\/li>\n<li><strong>Chair-Elect:<\/strong> Haichen Sun, IQAS<\/li>\n<li><strong>Digital Student Data Subcommittee Chair:<\/strong>&nbsp;Axel Dessein, ENIC UK<\/li>\n<li>Olivea Dodson, Transcript Research<\/li>\n<li>Margaret Wenger, ECE<\/li>\n<li>Emily Tse, TruMerit<\/li>\n<li>Tamalene Conlen, Academic Evaluation Services, Inc.<\/li>\n<li>Peggy Bell-Hendrickson, Transcript Research<\/li>\n<li>Anu Soin, ICAS<\/li>\n<li>Adriahna Hann, IEE<\/li>\n<li>Jade Jiang Rieger, ECE<\/li>\n<li>Jenna Feeback Longardner, Scholaro<\/li>\n<li>\u00cdna D\u00f6gg Ey\u00fe\u00f3rsd\u00f3ttir, ENIC-NARIC Iceland<\/li>\n<li>Michael Hilton, Prospect HEDD \/ JISC<\/li>\n<\/ul>\n<\/div>\n<p><strong>Conference Committee:&nbsp;<\/strong>Responsible for multi-year conference planning and oversight.<\/p>\n<div>\n<ul style=\"list-style-type: disc;\">\n<li><strong>Chair:<\/strong> Jennifer Collins, Georgia Institute of Technology<\/li>\n<li><strong>Chair-Elect:<\/strong> Susan Mertz, Purdue University<\/li>\n<li>Sully Saucedo, Texas Woman&#8217;s University<\/li>\n<li>Beka Tavartkiladze, WES<\/li>\n<li>Annetta Stroud, AACRAO<\/li>\n<li>Susan Whipple, The Evaluation Company<\/li>\n<li>Yujian (Ivy) Wang, Purdue University<\/li>\n<li>Sulaf Al-Shaikhly, WES<\/li>\n<li>Adriahna Hann, IEE<\/li>\n<li>Trisha Haines, Indiana University<\/li>\n<li>Aileen Dy, California State University Sacramento<\/li>\n<li>Renee L. Lacy, Indiana University &#8211; Bloomington<\/li>\n<li>Anne-Kari Gulliksen, Norwegian Directorate for Higher Education and Skills<\/li>\n<li>Danielle Burris, Western Kentucky University<\/li>\n<li>Megan Gesell, TAICEP<\/li>\n<li>Robert Prather, TAICEP<\/li>\n<\/ul>\n<\/div>\n","protected":false},"excerpt":{"rendered":"<p>2026 Committee for Standards and Quality:&nbsp;Engages in the establishment and maintenance of standards for professional practice. Identifies leading trends in and advances knowledge of credential evaluation practice and develops research standards, frameworks, and processes. Evaluates organizational output to ensure quality. Chair: David Mihalyi, AACRAO Chair-Elect: Severine Kassimou, FIS Stephanie Cloninger, AACRAO Mark Coney, Quality and<\/p>\n","protected":false},"author":107,"featured_media":0,"parent":98,"menu_order":6,"comment_status":"closed","ping_status":"closed","template":"custom-aboutus-template.php","meta":{"_acf_changed":false,"om_disable_all_campaigns":false,"pmpro_default_level":0,"ngg_post_thumbnail":0,"footnotes":"","_links_to":"","_links_to_target":""},"class_list":{"0":"post-5932","1":"page","2":"type-page","3":"status-publish","5":"pmpro-has-access"},"acf":[],"_links":{"self":[{"href":"https:\/\/www.taicep.org\/taiceporgwp\/wp-json\/wp\/v2\/pages\/5932","targetHints":{"allow":["GET"]}}],"collection":[{"href":"https:\/\/www.taicep.org\/taiceporgwp\/wp-json\/wp\/v2\/pages"}],"about":[{"href":"https:\/\/www.taicep.org\/taiceporgwp\/wp-json\/wp\/v2\/types\/page"}],"author":[{"embeddable":true,"href":"https:\/\/www.taicep.org\/taiceporgwp\/wp-json\/wp\/v2\/users\/107"}],"replies":[{"embeddable":true,"href":"https:\/\/www.taicep.org\/taiceporgwp\/wp-json\/wp\/v2\/comments?post=5932"}],"version-history":[{"count":153,"href":"https:\/\/www.taicep.org\/taiceporgwp\/wp-json\/wp\/v2\/pages\/5932\/revisions"}],"predecessor-version":[{"id":14122,"href":"https:\/\/www.taicep.org\/taiceporgwp\/wp-json\/wp\/v2\/pages\/5932\/revisions\/14122"}],"up":[{"embeddable":true,"href":"https:\/\/www.taicep.org\/taiceporgwp\/wp-json\/wp\/v2\/pages\/98"}],"wp:attachment":[{"href":"https:\/\/www.taicep.org\/taiceporgwp\/wp-json\/wp\/v2\/media?parent=5932"}],"curies":[{"name":"wp","href":"https:\/\/api.w.org\/{rel}","templated":true}]}}